{"id":919,"date":"2015-10-14T16:27:59","date_gmt":"2015-10-14T15:27:59","guid":{"rendered":"https:\/\/www.gennetines.org\/en\/?page_id=919"},"modified":"2024-01-26T12:35:29","modified_gmt":"2024-01-26T11:35:29","slug":"gennetines-2015-festival-planning","status":"publish","type":"page","link":"https:\/\/www.gennetines.org\/en\/gennetines\/programme-groupes-gennetines\/gennetines-2015-festival-planning\/","title":{"rendered":"Gennetines 2015 Festival planning"},"content":{"rendered":"<div class=\"wpb-content-wrapper\">[vc_row][vc_column width=&#8221;1\/1&#8243;][vc_column_text]The festival officially begins on Friday 17th July at 3 pm.\r\n<!--Fin officielle des rencontres dans la nuit du vendredi 24 au samedi 25 juillet 2015.-->[\/vc_column_text][\/vc_column][\/vc_row][vc_row][vc_column width=&#8221;1\/1&#8243;][vc_column_text]\r\nThe list of workshop leaders and musicians, and the detailed programme of workshops and bals, will be posted at the festival. About 75 groups will take part in the festival.\r\n<!--Le planning journalier des ateliers danses, des bals et de l\u2019ensemble des activit\u00e9s est disponible \u00e0 <a href=\"https:\/\/www.gennetines.org\/wp-content\/uploads\/2015\/06\/Planning-Gennetines-2015.pdf\">ce lien<\/a> (sous r\u00e9serve de modifications). Le planning d\u00e9finitif sera disponible \u00e0 partir du 16 juillet \u00e0 Gennetines.-->[\/vc_column_text][\/vc_column][\/vc_row][vc_row][vc_column width=&#8221;1\/1&#8243;][vc_column_text]\r\n<h3>List of musicians :<\/h3>\r\n21 Boutons : <a href=\"http:\/\/www.21boutons.com\" target=\"_blank\" rel=\"noopener\">21boutons.com<\/a>\r\nAlexander Fischer : <a href=\"http:\/\/www.alexander-fischer.at\" target=\"_blank\" rel=\"noopener\">alexander-fischer.at<\/a> , <a href=\"http:\/\/www.zeitentanz.at\" target=\"_blank\" rel=\"noopener\">zeitentanz.at<\/a>\r\nAndrea Capezzuoli e Compagnia : <a href=\"http:\/\/www.andreacapezzuoliecompagnia.it\" target=\"_blank\" rel=\"noopener\">andreacapezzuoliecompagnia.it<\/a>\r\nAniez eta Zeina : <a href=\"http:\/\/www.agnes.trad.org\" target=\"_blank\" rel=\"noopener\">agnes.trad.org<\/a>\r\nAnne-C\u00e9cile Dubois et Philippe S\u00e9bire\r\nAu Gr\u00e9 des Vents : <a href=\"http:\/\/carnetdebal.org\" target=\"_blank\" rel=\"noopener\">carnetdebal.org<\/a>\r\nBa.fnu : <a href=\"https:\/\/myspace.com\/bafnu\" target=\"_blank\" rel=\"noopener\">myspace.com\/bafnu<\/a>\r\nBal de maison : <a href=\"http:\/\/alain.gatay.pagesperso-orange.fr\/pagesite\/tbe.htm\" target=\"_blank\" rel=\"noopener\">alain.gatay.pagesperso-orange.fr\/pagesite\/tbe.htm<\/a>\r\nBal Feirste\r\nBal Mac\u00e9r\u00e9\r\nLes Balbelettes et Jean-Pierre Sarzier : <a href=\"http:\/\/compagnie.rigodon.free.fr\" target=\"_blank\" rel=\"noopener\">compagnie.rigodon.free.fr<\/a>\r\nBernard Loffet : <a href=\"http:\/\/diato.org\/presse\/\" target=\"_blank\" rel=\"noopener\">diato.org\/presse<\/a>\r\nBor\u00e9ale : <a href=\"https:\/\/fr-fr.facebook.com\/pages\/Bor%C3%A9ale-Bal\/195671167184653\" target=\"_blank\" rel=\"noopener\">facebook.com\/pages\/Bor\u00e9ale-Bal\/195671167184653<\/a>\r\nBougnat Sound : <a href=\"http:\/\/myspace.com\/bougnatsound\" target=\"_blank\" rel=\"noopener\">myspace.com\/bougnatsound<\/a>\r\nBruno et Maria : <a href=\"http:\/\/auditive-experience.eu\/brunoetmaria\/\" target=\"_blank\" rel=\"noopener\">auditive-experience.eu\/brunoetmaria<\/a>\r\nByTikZyz : <a href=\"http:\/\/www.bytikzyz.lt\/\" target=\"_blank\" rel=\"noopener\">bytikzyz.lt<\/a>\r\nCasimir Potomski\r\nCentral Bal : <a href=\"http:\/\/www.centralbal.com\" target=\"_blank\" rel=\"noopener\">centralbal.com<\/a>\r\nChesnut : <a href=\"http:\/\/chestnut.fr\" target=\"_blank\" rel=\"noopener\">chestnut.fr<\/a>\r\nLa Chinch\u00e9e du Berry\r\nChristian Pacher\r\nCorina Oosterveen\r\nD\u00e9cibal : <a href=\"http:\/\/www.decibal.fr\" target=\"_blank\" rel=\"noopener\">decibal.fr<\/a>\r\nLes Doigts de Carmen : <a href=\"http:\/\/lesdoigtsdecarmen.jimdo.com\/\" target=\"_blank\" rel=\"noopener\">lesdoigtsdecarmen.jimdo.com<\/a>\r\nDuo Baron-Barou\r\nDuo Bibonne-Raibaud\r\nDuo t&#8217;en bal : <a href=\"http:\/\/www.franchesconnexions.com\" target=\"_blank\" rel=\"noopener\">franchesconnexions.com<\/a>\r\nDuo TTC : <a href=\"https:\/\/fr-fr.facebook.com\/pages\/Duo-TTC\/740281475985202\" target=\"_blank\" rel=\"noopener\">facebook.com\/pages\/Duo-TTC\/740281475985202<\/a>\r\nEdaq : <a href=\"http:\/\/www.edaq.it\">edaq.it<\/a>\r\nL&#8217;effet Dulogis : <a href=\"http:\/\/www.collectifgonzo.fr\/articles\/index\/10\/1\/l-effet-du-logis\" target=\"_blank\" rel=\"noopener\">collectifgonzo.fr\/articles\/index\/10\/1\/l-effet-du-logis<\/a>\r\nEnsemaille : <a href=\"http:\/\/ensemaille.free.fr\" target=\"_blank\" rel=\"noopener\">ensemaille.free.fr<\/a>\r\nEstrad : <a href=\"http:\/\/trad95.free.fr\" target=\"_blank\" rel=\"noopener\">trad95.free.fr<\/a>\r\nFamidost : <a href=\"http:\/\/www.ami.dost.sitew.com\" target=\"_blank\" rel=\"noopener\">ami.dost.sitew.com<\/a>\r\nFlor de zinc : <a href=\"http:\/\/www.facebook.com\/FlorDEZinc\" target=\"_blank\" rel=\"noopener\">facebook.com\/FlorDEZinc<\/a>\r\nFolkinger : <a href=\"http:\/\/www.folkinger.de\" target=\"_blank\" rel=\"noopener\">folkinger.de<\/a>\r\nFubl\u00e8ne : <a href=\"http:\/\/myspace.com\/fublene\" target=\"_blank\" rel=\"noopener\">myspace.com\/fublene<\/a> , <a href=\"https:\/\/www.facebook.com\/pages\/Fubl%C3%A8ne\/1537633363134937\" target=\"_blank\" rel=\"noopener\">facebook.com\/pages\/Fubl%C3%A8ne\/1537633363134937<\/a>\r\nGIG CB! : <a href=\"http:\/\/www.gigcb.com\" target=\"_blank\" rel=\"noopener\">gigcb.com<\/a>\r\nGravenoire : <a href=\"http:\/\/brayauds.free.fr\" target=\"_blank\" rel=\"noopener\">brayauds.free.fr<\/a>\r\nHerbes Folk\r\njam.pt : <a href=\"http:\/\/www.facebook.com\/jampontopt\" target=\"_blank\" rel=\"noopener\">facebook.com\/jampontopt<\/a>\r\nLa Jimbr&#8217;t\u00e9e : <a href=\"http:\/\/jimbrtee.pagesperso-orange.fr\/\" target=\"_blank\" rel=\"noopener\">jimbrtee.pagesperso-orange.fr<\/a>\r\nKhaverim : <a href=\"http:\/\/khaverim.wordpress.com\/\" target=\"_blank\" rel=\"noopener\">khaverim.wordpress.com<\/a>\r\nKoen Dhondt : <a href=\"http:\/\/www.frissefolk.be\" target=\"_blank\" rel=\"noopener\">www.frissefolk.be<\/a>\r\nKvartett\r\nLiam Robinson Dance Band : <a href=\"http:\/\/www.facebook.com\/TheLiamRobinsonDanceBand\" target=\"_blank\" rel=\"noopener\">facebook.com\/TheLiamRobinsonDanceBand<\/a> , <a class=\"external-link\" title=\"\" href=\"http:\/\/www.minimorris.co.uk\" target=\"_blank\" rel=\"noopener\">minimorris.co.uk<\/a>\r\nLe Man\u00e8ge : <a href=\"http:\/\/www.holistiquemusic.com\/lemanege.htm\" target=\"_blank\" rel=\"noopener\">holistiquemusic.com\/lemanege.htm<\/a>\r\nLes Menestrers Gascons et Brigada Menestrers : <a href=\"http:\/\/www.menestrersgascons.com\" target=\"_blank\" rel=\"noopener\">menestrersgascons.com<\/a>\r\nMicheuStef : <a href=\"https:\/\/www.youtube.com\/user\/MICHEUSTEF\" target=\"_blank\" rel=\"noopener\">youtube.com\/user\/MICHEUSTEF<\/a>\r\nMusiqu&#8217;\u00e0 deux : <a href=\"http:\/\/musiquadeux.fr\" target=\"_blank\" rel=\"noopener\"><span class=\"external-link\">musiquadeux.fr<\/span><\/a>\r\nNaragonia : <a href=\"http:\/\/www.naragonia.com\" target=\"_blank\" rel=\"noopener\">naragonia.com<\/a>\r\nNhac\r\nOrmuz : <a href=\"http:\/\/www.ormuz.fr\" target=\"_blank\" rel=\"noopener\">ormuz.fr<\/a>\r\nLes Papillons de Nuit : <a href=\"http:\/\/www.tiennetsimonnin.fr\/groupes\/les-papillons-de-nuit\/\" target=\"_blank\" rel=\"noopener\">tiennetsimonnin.fr\/groupes\/les-papillons-de-nuit<\/a>\r\nParasol : <a href=\"http:\/\/www.parasolgodongrimault.fr\" target=\"_blank\" rel=\"noopener\">parasolgodongrimault.fr<\/a>\r\nParibal : <a href=\"http:\/\/paribal.coindesdanseurs.fr\/\" target=\"_blank\" rel=\"noopener\">paribal.coindesdanseurs.fr<\/a>\r\nPhilippe Plard : <a href=\"https:\/\/fr-fr.facebook.com\/philippe.plard\" target=\"_blank\" rel=\"noopener\">facebook.com\/philippe.plard<\/a>\r\nPlot And Split : <a href=\"https:\/\/fr-fr.facebook.com\/PlotAndSplit\" target=\"_blank\" rel=\"noopener\">facebook.com\/PlotAndSplit<\/a>\r\nQuaus de Lanla : <a href=\"http:\/\/www.quaus-de-lanla.com\" target=\"_blank\" rel=\"noopener\">quaus-de-lanla.com<\/a>\r\nRoule et Ferme Derri\u00e8re : <a href=\"http:\/\/rouleetferme.over-blog.com\" target=\"_blank\" rel=\"noopener\">rouleetferme.over-blog.com<\/a>\r\nRoulez Galoche : <a href=\"http:\/\/www.roulez-galoche.fr\/\">roulez-galoche.fr<\/a>\r\nSants &amp; Fot : <a href=\"http:\/\/santsandfot.trad.org\" target=\"_blank\" rel=\"noopener\">santsandfot.trad.org<\/a>\r\nShillelagh : <a href=\"http:\/\/www.shillelagh.fr\" target=\"_blank\" rel=\"noopener\">shillelagh.fr<\/a>\r\nThe Branwen Set : <a href=\"http:\/\/branwenset.free.fr\" target=\"_blank\" rel=\"noopener\">branwenset.free.fr<\/a>\r\nTradidanse CHEF Bruxelles\r\nTrio Corinne Renaud\r\nLe Trois Temps des Saules : <a href=\"https:\/\/sites.google.com\/site\/letroistempsdessaules\" target=\"_blank\" rel=\"noopener\">sites.google.com\/site\/letroistempsdessaules<\/a>\r\nViis\r\nVivez la danse (Hugues et Emeline Rivi\u00e8re) : <a href=\"http:\/\/www.vivezladanse.fr\" target=\"_blank\" rel=\"noopener\">vivezladanse.fr<\/a>\r\nWipidoup : <a href=\"http:\/\/www.wipidoup.com\" target=\"_blank\" rel=\"noopener\">wipidoup.com<\/a>\r\nLes Z\u00e9oles : <a href=\"http:\/\/leszeoles.net\" target=\"_blank\" rel=\"noopener\">leszeoles.net<\/a>\r\nZlabya : <a href=\"http:\/\/www.zlabya.com\" target=\"_blank\" rel=\"noopener\">zlabya.com<\/a>[\/vc_column_text][\/vc_column][\/vc_row]<\/div>","protected":false},"excerpt":{"rendered":"[vc_row][vc_column width=&#8221;1\/1&#8243;][vc_column_text]The festival officially begins on Friday 17th July at 3 pm. [\/vc_column_text][\/vc_column][\/vc_row][vc_row][vc_column width=&#8221;1\/1&#8243;][vc_column_text] The list of workshop leaders and musicians, and the detailed programme of workshops and bals, will be posted at the&#46;&#46;&#46;","protected":false},"author":4,"featured_media":0,"parent":1635,"menu_order":0,"comment_status":"closed","ping_status":"open","template":"","meta":{"footnotes":""},"class_list":["post-919","page","type-page","status-publish","hentry"],"_links":{"self":[{"href":"https:\/\/www.gennetines.org\/en\/wp-json\/wp\/v2\/pages\/919","targetHints":{"allow":["GET"]}}],"collection":[{"href":"https:\/\/www.gennetines.org\/en\/wp-json\/wp\/v2\/pages"}],"about":[{"href":"https:\/\/www.gennetines.org\/en\/wp-json\/wp\/v2\/types\/page"}],"author":[{"embeddable":true,"href":"https:\/\/www.gennetines.org\/en\/wp-json\/wp\/v2\/users\/4"}],"replies":[{"embeddable":true,"href":"https:\/\/www.gennetines.org\/en\/wp-json\/wp\/v2\/comments?post=919"}],"version-history":[{"count":3,"href":"https:\/\/www.gennetines.org\/en\/wp-json\/wp\/v2\/pages\/919\/revisions"}],"predecessor-version":[{"id":5851,"href":"https:\/\/www.gennetines.org\/en\/wp-json\/wp\/v2\/pages\/919\/revisions\/5851"}],"up":[{"embeddable":true,"href":"https:\/\/www.gennetines.org\/en\/wp-json\/wp\/v2\/pages\/1635"}],"wp:attachment":[{"href":"https:\/\/www.gennetines.org\/en\/wp-json\/wp\/v2\/media?parent=919"}],"curies":[{"name":"wp","href":"https:\/\/api.w.org\/{rel}","templated":true}]}}