{"id":6079,"date":"2024-01-31T16:17:47","date_gmt":"2024-01-31T15:17:47","guid":{"rendered":"https:\/\/www.gennetines.org\/shared-emotions\/sources\/"},"modified":"2024-11-27T16:56:09","modified_gmt":"2024-11-27T15:56:09","slug":"sources","status":"publish","type":"page","link":"https:\/\/www.gennetines.org\/en\/resources\/sources\/","title":{"rendered":"Sources"},"content":{"rendered":"<div class=\"wpb-content-wrapper\"><p>[vc_row][vc_column][vc_column_text css=&#8221;&#8221;]<\/p>\r\n<p>Ecrits ou films nourrissent notre imaginaire et notre pratique.<\/p>\r\n<p>Quelles lectures pouvons-nous en faire\u00a0? Comment former notre regard critique\u00a0? Comment partager nos sources\u00a0?<\/p>\r\n<hr \/>\r\n<p>Publication du 27 novembre 2024<\/p>\r\n<p>Une <a href=\"https:\/\/www.gennetines.org\/wp-content\/uploads\/Sites-sources-n\u00b02.pdf\" target=\"_blank\" rel=\"noopener\">seconde liste de sites<\/a> pour d\u00e9couvrir la subtilit\u00e9 des danses issues de r\u00e9pertoires traditionnels.<\/p>\r\n<hr \/>\r\n<p>Publication du 6 mai 2024<\/p>\r\n<p><a href=\"https:\/\/www.gennetines.org\/wp-content\/uploads\/Temoignage-source-bourree.pdf\" target=\"_blank\" rel=\"noopener\">Les sources de la bourr\u00e9e<\/a> (Bernard Coclet).<\/p>\r\n<hr \/>\r\n<p>Publication du 6 mai 2024<\/p>\r\n<p>Une <a href=\"https:\/\/www.gennetines.org\/wp-content\/uploads\/Sites-Sources.pdf\" target=\"_blank\" rel=\"noopener\">premi\u00e8re liste de sites<\/a> pour d\u00e9couvrir la subtilit\u00e9 des danses issues de r\u00e9pertoires traditionnels, avec la longue cha\u00eene humaine complexe qui a r\u00e9ussi \u00e0 les faire parvenir jusqu&#8217;\u00e0 nous.<\/p>\r\n<p>[\/vc_column_text][\/vc_column][\/vc_row]<\/p><\/div>","protected":false},"excerpt":{"rendered":"[vc_row][vc_column][vc_column_text css=&#8221;&#8221;] Ecrits ou films nourrissent notre imaginaire et notre pratique. Quelles lectures pouvons-nous en faire\u00a0? Comment former notre regard critique\u00a0? Comment partager nos sources\u00a0? Publication du 27 novembre 2024 Une seconde liste de&#46;&#46;&#46;","protected":false},"author":4,"featured_media":0,"parent":1179,"menu_order":0,"comment_status":"closed","ping_status":"closed","template":"","meta":{"footnotes":""},"class_list":["post-6079","page","type-page","status-publish","hentry"],"_links":{"self":[{"href":"https:\/\/www.gennetines.org\/en\/wp-json\/wp\/v2\/pages\/6079","targetHints":{"allow":["GET"]}}],"collection":[{"href":"https:\/\/www.gennetines.org\/en\/wp-json\/wp\/v2\/pages"}],"about":[{"href":"https:\/\/www.gennetines.org\/en\/wp-json\/wp\/v2\/types\/page"}],"author":[{"embeddable":true,"href":"https:\/\/www.gennetines.org\/en\/wp-json\/wp\/v2\/users\/4"}],"replies":[{"embeddable":true,"href":"https:\/\/www.gennetines.org\/en\/wp-json\/wp\/v2\/comments?post=6079"}],"version-history":[{"count":5,"href":"https:\/\/www.gennetines.org\/en\/wp-json\/wp\/v2\/pages\/6079\/revisions"}],"predecessor-version":[{"id":7189,"href":"https:\/\/www.gennetines.org\/en\/wp-json\/wp\/v2\/pages\/6079\/revisions\/7189"}],"up":[{"embeddable":true,"href":"https:\/\/www.gennetines.org\/en\/wp-json\/wp\/v2\/pages\/1179"}],"wp:attachment":[{"href":"https:\/\/www.gennetines.org\/en\/wp-json\/wp\/v2\/media?parent=6079"}],"curies":[{"name":"wp","href":"https:\/\/api.w.org\/{rel}","templated":true}]}}