{"id":6076,"date":"2024-01-15T10:33:28","date_gmt":"2024-01-15T09:33:28","guid":{"rendered":"https:\/\/www.gennetines.org\/ptit-bal-dhiver\/"},"modified":"2025-10-02T13:58:15","modified_gmt":"2025-10-02T12:58:15","slug":"ptit-bal-dhiver","status":"publish","type":"page","link":"https:\/\/www.gennetines.org\/en\/ptit-bal-dhiver\/","title":{"rendered":"P&#8217;tit Bal d&#8217;hiver"},"content":{"rendered":"<div class=\"wpb-content-wrapper\"><p>[vc_row][vc_column][vc_column_text css=&#8221;&#8221;]<\/p>\r\n<p><span style=\"font-size: 18pt;\"><strong>Rencontres 2025 : Du samedi 27 d\u00e9cembre au mercredi 31 d\u00e9cembre<\/strong><\/span><\/p>\r\n<p><span style=\"font-size: 14pt;\"><strong>R\u00e9pertoires<\/strong> :<\/span><br \/>\r\nDanses du Poitou, de Flandres, du Pays Basque, du Sud-Ouest, du Limousin, de Catalogne, Bourr\u00e9es, Contredanse, rondes, danses de couple, Forro, \u2026<\/p>\r\n<p><span style=\"font-size: 14pt;\"><strong>Intervenants danses et musiques :<\/strong><\/span><br \/>\r\nMarion Craen, Benoit Guerbigny, V\u00e9ronique Chochon, Bernard Coclet, Corinne Borsotto, Gabriel Lenoir, Marion Lima, Ramon Cardona, Lucas Thebaut et C\u00e9cile Birot-Delrue (Turbobal), Guilhem Cavaill\u00e9, Nadine Everaars, Agn\u00e8s Perez, Ana Perez, Audrey Deloffre, Elo\u00efse Garcia, Mathys et Antonin, Camille Stimbre et No\u00e9 Bazoge et Youmi Bazoge (Bargainatt trio)\u2026<\/p>\r\n<p><a href=\"https:\/\/www.gennetines.org\/wp-content\/uploads\/Programme-Ptit-Bal-dHiver-2025.pdf\" target=\"_blank\" rel=\"noopener\">Programme d\u00e9taill\u00e9 \u00e0 t\u00e9l\u00e9charger<\/a><\/p>\r\n<p><span style=\"font-size: 14pt;\"><strong>Les publics :<\/strong><\/span><\/p>\r\n<p>\u2013 Pour les danseurs\/danseuses qui veulent comprendre la danse, l\u2019approfondir, pour se l\u2019approprier, pour la d\u00e9guster avec grand plaisir ;<br \/>\r\n\u2013 Pour les danseurs\/danseuses exp\u00e9riment\u00e9(e)s qui veulent improviser, harmoniser, faire spectacle ou visiter les hors limites\u00a0;<br \/>\r\n\u2013 Ces rencontres sont d\u00e9conseill\u00e9es aux danseurs d\u00e9butants.<\/p>\r\n<p><span style=\"font-size: 14pt;\"><strong>Inscription indispensable<\/strong><\/span><\/p>\r\n<p>L\u2019accueil se fera \u00e0 partir du vendredi 26 d\u00e9cembre \u00e0 16h (nous organiserons le soir une veill\u00e9e b\u0153uf d\u2019accueil). Le d\u00e9but des rencontres est fix\u00e9 le samedi 27 d\u00e9cembre \u00e0 10h45.<\/p>\r\n<p>Ces rencontres se termineront dans la nuit du 31 d\u00e9cembre au 1<sup>er<\/sup> janvier.<\/p>\r\n<p>Si c\u2019est votre premi\u00e8re participation \u00e0 l\u2019un des P\u2019tits Bals, prenez contact avec nous par t\u00e9l\u00e9phone \u00e0 partir d\u2019octobre <em>(permanence les mardis de 10h \u00e0 15h30 et de 20h \u00e0 21h30 au 0033 (0)4 70 42 14 42)<\/em>. Nous vous expliquerons le fonctionnement, notamment la participation de tous \u00e0 l\u2019organisation.<\/p>\r\n<p>Le nombre de places est limit\u00e9 \u00e0 119 personnes. Priorit\u00e9 est donn\u00e9e \u00e0 ceux qui participent les cinq jours.<\/p>\r\n<p>Les inscriptions seront prises dans la limite des places disponibles en nous renvoyant par mail ou par courrier postal le bulletin d\u2019inscription. A partir du 15 novembre, consultez les actualit\u00e9s de notre site <a href=\"http:\/\/www.gennetines.org\">www.gennetines.org<\/a> pour v\u00e9rifier qu\u2019il reste de la place.<\/p>\r\n<p><strong>Pour t\u00e9l\u00e9charger le bulletin d\u2019inscription, cliquez ici : <\/strong>(<a href=\"https:\/\/www.gennetines.org\/wp-content\/uploads\/Inscription-Ptit-Bal-dhiver-2025.pdf\">version pdf<\/a> ou <a href=\"https:\/\/www.gennetines.org\/wp-content\/uploads\/Inscription-Ptit-Bal-dhiver-2025.docx\">version word<\/a>).<\/p>\r\n<p>[\/vc_column_text][\/vc_column][\/vc_row]<\/p><\/div>","protected":false},"excerpt":{"rendered":"[vc_row][vc_column][vc_column_text css=&#8221;&#8221;] Rencontres 2025 : Du samedi 27 d\u00e9cembre au mercredi 31 d\u00e9cembre R\u00e9pertoires : Danses du Poitou, de Flandres, du Pays Basque, du Sud-Ouest, du Limousin, de Catalogne, Bourr\u00e9es, Contredanse, rondes, danses de&#46;&#46;&#46;","protected":false},"author":4,"featured_media":0,"parent":0,"menu_order":0,"comment_status":"closed","ping_status":"closed","template":"","meta":{"footnotes":""},"class_list":["post-6076","page","type-page","status-publish","hentry"],"_links":{"self":[{"href":"https:\/\/www.gennetines.org\/en\/wp-json\/wp\/v2\/pages\/6076","targetHints":{"allow":["GET"]}}],"collection":[{"href":"https:\/\/www.gennetines.org\/en\/wp-json\/wp\/v2\/pages"}],"about":[{"href":"https:\/\/www.gennetines.org\/en\/wp-json\/wp\/v2\/types\/page"}],"author":[{"embeddable":true,"href":"https:\/\/www.gennetines.org\/en\/wp-json\/wp\/v2\/users\/4"}],"replies":[{"embeddable":true,"href":"https:\/\/www.gennetines.org\/en\/wp-json\/wp\/v2\/comments?post=6076"}],"version-history":[{"count":8,"href":"https:\/\/www.gennetines.org\/en\/wp-json\/wp\/v2\/pages\/6076\/revisions"}],"predecessor-version":[{"id":7991,"href":"https:\/\/www.gennetines.org\/en\/wp-json\/wp\/v2\/pages\/6076\/revisions\/7991"}],"wp:attachment":[{"href":"https:\/\/www.gennetines.org\/en\/wp-json\/wp\/v2\/media?parent=6076"}],"curies":[{"name":"wp","href":"https:\/\/api.w.org\/{rel}","templated":true}]}}