{"id":5512,"date":"2024-01-15T10:32:32","date_gmt":"2024-01-15T09:32:32","guid":{"rendered":"https:\/\/www.gennetines.org\/en\/ptit-bal-de-printemps\/"},"modified":"2026-01-20T17:49:06","modified_gmt":"2026-01-20T16:49:06","slug":"ptit-bal-de-printemps","status":"publish","type":"page","link":"https:\/\/www.gennetines.org\/en\/ptit-bal-de-printemps\/","title":{"rendered":"P&#8217;tit Bal de printemps"},"content":{"rendered":"<div class=\"wpb-content-wrapper\"><p>[vc_row][vc_column][vc_column_text css=&#8221;&#8221;]<\/p>\r\n<p><span style=\"font-size: 18pt;\"><strong>Rencontres 2026 : Du vendredi 3 avril au lundi 6 avril<\/strong><\/span><\/p>\r\n<p><span style=\"font-size: 14pt;\"><strong>R\u00e9pertoires : <\/strong><\/span>Gr\u00e8ce, contredanses, bourr\u00e9es, Sud-Ouest, scottish, mazurka,\u2026 ;<\/p>\r\n<p><span style=\"font-size: 14pt;\"><strong>Intervenants :<\/strong><\/span><br \/>\r\nIntervenants danse : S\u00e9bastien Cogan, Gilles Laupr\u00eatre, Tradidanse, Estelle Bacquaert et Bernard Coclet.<br \/>\r\nMusiciens : Rachel Averly, S\u00e9bastien Cogan, Adrien Villeneuve, Nadine Everaars et Tradidanse.<\/p>\r\n<p><span style=\"font-size: 14pt;\"><strong><a href=\"https:\/\/www.gennetines.org\/wp-content\/uploads\/Programme-Ptit-Bal-printemps-2026.pdf\" target=\"_blank\" rel=\"noopener\">Programme \u00e0 t\u00e9l\u00e9charger<\/a><\/strong><\/span><\/p>\r\n<p><span style=\"font-size: 14pt;\"><strong>Pour qui ? Comment ?<\/strong><\/span><\/p>\r\n<p><strong>Les publics<\/strong> :<br \/>\r\n\u2013 Pour les danseurs\/danseuses sans grande exp\u00e9rience qui souhaitent des \u00e9l\u00e9ments pour s\u2019int\u00e9grer dans un bal avec quelques codes et \u00e9l\u00e9ments pour danser : valses, mazurkas, scottish, bourr\u00e9es, rondeaux, cercles, rondes\u2026 pour d\u00e9guster la danse avec plaisir ;<br \/>\r\n\u2013 Pour les danseurs\/danseuses qui veulent comprendre la danse, l\u2019approfondir, pour se l\u2019approprier, pour la d\u00e9guster avec grand plaisir ;<br \/>\r\n\u2013 Pour les danseurs\/danseuses qui veulent improviser, harmoniser, faire spectacle ou visiter les hors limites.<\/p>\r\n<p><span style=\"font-size: 14pt;\"><strong>Inscription indispensable<\/strong><\/span><\/p>\r\n<p>Accueil \u00e0 partir du vendredi 3 avril \u00e0 14h<br \/>\r\nD\u00e9but des rencontres le vendredi 3 avril \u00e0 16h30. Fin des rencontres le lundi 6 avril \u00e0 16h.<\/p>\r\n<p>Si c\u2019est votre premi\u00e8re participation \u00e0 un des P\u2019tits Bals, prenez contact avec nous par t\u00e9l\u00e9phone (permanence les mardis de 10h \u00e0 15h30 et de 20h \u00e0 21h30 au 0033 (0)4 70 42 14 42). Nous vous expliquerons le fonctionnement, notamment la participation de tous \u00e0 l\u2019organisation.<\/p>\r\n<p>Le nombre de places est limit\u00e9 \u00e0 119 personnes. Priorit\u00e9 est donn\u00e9e \u00e0 ceux qui participent les quatre jours.<\/p>\r\n<p>Les inscriptions seront prises dans la limite des places disponibles en nous renvoyant par mail ou par courrier postal le bulletin d\u2019inscription. Consultez les actualit\u00e9s de notre site <a href=\"http:\/\/www.gennetines.org\">www.gennetines.org<\/a> pour v\u00e9rifier qu\u2019il reste de la place.<\/p>\r\n<p><strong>Pour t\u00e9l\u00e9charger le bulletin d\u2019inscription, cliquez ici :\u00a0<\/strong><a href=\"https:\/\/www.gennetines.org\/wp-content\/uploads\/Inscription-Ptit-Bal-printemps-2026-1.pdf\" target=\"_blank\" rel=\"noopener\">version pdf<\/a> ou <a href=\"https:\/\/www.gennetines.org\/wp-content\/uploads\/Inscription-Ptit-Bal-printemps-2026-1.docx\" target=\"_blank\" rel=\"noopener\">version word<\/a>.<\/p>\r\n<p>[\/vc_column_text][\/vc_column][\/vc_row]<\/p><\/div>","protected":false},"excerpt":{"rendered":"[vc_row][vc_column][vc_column_text css=&#8221;&#8221;] Rencontres 2026 : Du vendredi 3 avril au lundi 6 avril R\u00e9pertoires : Gr\u00e8ce, contredanses, bourr\u00e9es, Sud-Ouest, scottish, mazurka,\u2026 ; Intervenants : Intervenants danse : S\u00e9bastien Cogan, Gilles Laupr\u00eatre, Tradidanse, Estelle Bacquaert&#46;&#46;&#46;","protected":false},"author":4,"featured_media":0,"parent":0,"menu_order":0,"comment_status":"closed","ping_status":"closed","template":"","meta":{"footnotes":""},"class_list":["post-5512","page","type-page","status-publish","hentry"],"_links":{"self":[{"href":"https:\/\/www.gennetines.org\/en\/wp-json\/wp\/v2\/pages\/5512","targetHints":{"allow":["GET"]}}],"collection":[{"href":"https:\/\/www.gennetines.org\/en\/wp-json\/wp\/v2\/pages"}],"about":[{"href":"https:\/\/www.gennetines.org\/en\/wp-json\/wp\/v2\/types\/page"}],"author":[{"embeddable":true,"href":"https:\/\/www.gennetines.org\/en\/wp-json\/wp\/v2\/users\/4"}],"replies":[{"embeddable":true,"href":"https:\/\/www.gennetines.org\/en\/wp-json\/wp\/v2\/comments?post=5512"}],"version-history":[{"count":13,"href":"https:\/\/www.gennetines.org\/en\/wp-json\/wp\/v2\/pages\/5512\/revisions"}],"predecessor-version":[{"id":8086,"href":"https:\/\/www.gennetines.org\/en\/wp-json\/wp\/v2\/pages\/5512\/revisions\/8086"}],"wp:attachment":[{"href":"https:\/\/www.gennetines.org\/en\/wp-json\/wp\/v2\/media?parent=5512"}],"curies":[{"name":"wp","href":"https:\/\/api.w.org\/{rel}","templated":true}]}}