{"id":2715,"date":"2017-12-07T09:49:32","date_gmt":"2017-12-07T08:49:32","guid":{"rendered":"https:\/\/www.gennetines.org\/en\/shared-emotions\/echanges\/"},"modified":"2024-11-29T09:29:16","modified_gmt":"2024-11-29T08:29:16","slug":"regards","status":"publish","type":"page","link":"https:\/\/www.gennetines.org\/en\/resources\/regards\/","title":{"rendered":"Regards"},"content":{"rendered":"<div class=\"wpb-content-wrapper\"><p>[vc_row][vc_column][vc_column_text css=&#8221;&#8221;]<\/p>\r\n<p>Dans cette rubrique, nous allons pr\u00e9senter les sujets abord\u00e9s par les diff\u00e9rents collectifs.<br \/>\r\nNous donnerons \u00e9galement des extraits des \u00e9changes-d\u00e9bats qui se d\u00e9rouleront pendant le Grand Bal de l&#8217;Europe 2024.<\/p>\r\n<p><strong>Les collectifs \u00e9ph\u00e9m\u00e8res<\/strong><\/p>\r\n<p>Les collectifs \u00e9ph\u00e9m\u00e8res sont de petits groupes de membres de l\u2019association qui pr\u00e9parent et organisent les rencontres d\u2019id\u00e9es pendant le Grand Bal de l\u2019Europe et les P\u2019tits Bals.<\/p>\r\n<p>Vous pouvez rejoindre nos \u00e9quipes pour faire vivre ces chantiers en perp\u00e9tuelle \u00e9volution. Contactez-nous par t\u00e9l\u00e9phone si vous voulez int\u00e9grer un ou plusieurs groupes (00 33 (0)4 70 42 14 42 les mardis de 20h \u00e0 22h ou les mercredis de 10h \u00e0 16h30).<\/p>\r\n<p>Vous pouvez aussi nous envoyer une contribution \u00e9crite par mail \u00e0 grandbal@gennetines.org<\/p>\r\n<p><a href=\"https:\/\/www.gennetines.org\/ressources\/sources\/\">Sources<\/a><\/p>\r\n<p><a href=\"https:\/\/www.gennetines.org\/ressources\/formation-attentes-codes\/\">Formation, Attentes, Codes<\/a><\/p>\r\n<p><a href=\"https:\/\/www.gennetines.org\/ressources\/consentement\/\">Consentement<\/a><\/p>\r\n<p>[\/vc_column_text][\/vc_column][\/vc_row]<\/p><\/div>","protected":false},"excerpt":{"rendered":"[vc_row][vc_column][vc_column_text css=&#8221;&#8221;] Dans cette rubrique, nous allons pr\u00e9senter les sujets abord\u00e9s par les diff\u00e9rents collectifs. Nous donnerons \u00e9galement des extraits des \u00e9changes-d\u00e9bats qui se d\u00e9rouleront pendant le Grand Bal de l&#8217;Europe 2024. Les collectifs&#46;&#46;&#46;","protected":false},"author":4,"featured_media":0,"parent":1179,"menu_order":4,"comment_status":"closed","ping_status":"closed","template":"","meta":{"footnotes":""},"class_list":["post-2715","page","type-page","status-publish","hentry"],"_links":{"self":[{"href":"https:\/\/www.gennetines.org\/en\/wp-json\/wp\/v2\/pages\/2715","targetHints":{"allow":["GET"]}}],"collection":[{"href":"https:\/\/www.gennetines.org\/en\/wp-json\/wp\/v2\/pages"}],"about":[{"href":"https:\/\/www.gennetines.org\/en\/wp-json\/wp\/v2\/types\/page"}],"author":[{"embeddable":true,"href":"https:\/\/www.gennetines.org\/en\/wp-json\/wp\/v2\/users\/4"}],"replies":[{"embeddable":true,"href":"https:\/\/www.gennetines.org\/en\/wp-json\/wp\/v2\/comments?post=2715"}],"version-history":[{"count":7,"href":"https:\/\/www.gennetines.org\/en\/wp-json\/wp\/v2\/pages\/2715\/revisions"}],"predecessor-version":[{"id":7242,"href":"https:\/\/www.gennetines.org\/en\/wp-json\/wp\/v2\/pages\/2715\/revisions\/7242"}],"up":[{"embeddable":true,"href":"https:\/\/www.gennetines.org\/en\/wp-json\/wp\/v2\/pages\/1179"}],"wp:attachment":[{"href":"https:\/\/www.gennetines.org\/en\/wp-json\/wp\/v2\/media?parent=2715"}],"curies":[{"name":"wp","href":"https:\/\/api.w.org\/{rel}","templated":true}]}}