{"id":1219,"date":"2015-06-01T15:17:15","date_gmt":"2015-06-01T14:17:15","guid":{"rendered":"https:\/\/www.gennetines.org\/en\/the-association\/bulletins-de-liaison\/"},"modified":"2026-01-20T17:39:30","modified_gmt":"2026-01-20T16:39:30","slug":"presentation-ag","status":"publish","type":"page","link":"https:\/\/www.gennetines.org\/en\/association\/presentation-ag\/","title":{"rendered":"Pr\u00e9sentation &#8211; Assembl\u00e9e G\u00e9n\u00e9rale"},"content":{"rendered":"<div class=\"wpb-content-wrapper\"><p>[vc_row][vc_column][vc_tta_accordion active_section=&#8221;1&#8243; collapsible_all=&#8221;true&#8221;][vc_tta_section title=&#8221;Pr\u00e9sentation&#8221; tab_id=&#8221;1706606677666-a395541a-f95e&#8221;][vc_column_text]<\/p>\r\n<p>Founded on 6 December 1989, the Association Europ\u00e9enne des Amoureux de Danses Traditionnelles has over 5,000 members from many parts of Europe and beyond.<\/p>\r\n<p>Organisers, entertainers, musicians and dancers make up the \u201cGrand Bal de l\u2019Europe\u201d, where diversity, criticism and exchange are essential sources of richness.<\/p>\r\n<p>More details can be found in liaison bulletins and Minutes of the Annual General Meeting.<\/p>\r\n<p>[\/vc_column_text][\/vc_tta_section][vc_tta_section title=&#8221;Annual General&#8221; tab_id=&#8221;1706606677676-740d3d60-4484&#8243;][vc_column_text css=&#8221;&#8221;]<\/p>\r\n<p><strong>Convocation to the Ordinary General Meeting of A.E.A.D.T.<\/strong><\/p>\r\n<p>It will take place on Tuesday 29 December 2026 at 6.15pm at Les Gauthiers.<\/p>\r\n<p>Subjects :<\/p>\r\n<ul>\r\n\t<li>approval of the reports for the previous financial year (1 July 2025 to 30 April 2026) ;<\/li>\r\n\t<li>programme of activities for 2026-2027 ;<\/li>\r\n\t<li>election of members of the Board of Administration.<\/li>\r\n<\/ul>\r\n<p><em>Bernard Coclet, Pr\u00e9sident de l\u2019association<\/em><\/p>\r\n<p>[\/vc_column_text][\/vc_tta_section][vc_tta_section title=&#8221;Liaison bulletins and Minutes of the Annual General Meeting&#8221; tab_id=&#8221;1706607141674-d71e0e7a-d1b6&#8243;][vc_column_text css=&#8221;&#8221;]<\/p>\r\n<p><a href=\"https:\/\/www.gennetines.org\/wp-content\/uploads\/Bulletin-de-liaison-decembre-2025-1.pdf\">Bulletin de liaison novembre 2025<\/a><a href=\"https:\/\/www.gennetines.org\/wp-content\/uploads\/Bulletin-de-liaison-decembre-2025-1.pdf\" target=\"_blank\" rel=\"noopener\"><br \/>\r\n<\/a><a href=\"https:\/\/www.gennetines.org\/wp-content\/uploads\/Compte-rendu-Assemblee-generale-decembre-2025.pdf\" target=\"_blank\" rel=\"noopener\">Compte-rendu Assembl\u00e9e G\u00e9n\u00e9rale Ordinaire d\u00e9cembre 2025<\/a><a href=\"https:\/\/www.gennetines.org\/wp-content\/uploads\/Compte-rendu-Assemblee-generale-decembre-2025.pdf\" target=\"_blank\" rel=\"noopener\"><br \/>\r\n<\/a><a href=\"https:\/\/www.gennetines.org\/wp-content\/uploads\/Compte-rendu-Assemblees-Generales-Majorite-particuliere-decembre-2025.pdf\" target=\"_blank\" rel=\"noopener\">Compte-rendu Assembl\u00e9e G\u00e9n\u00e9rale \u00e0 Majorit\u00e9 Particuli\u00e8re d\u00e9cembre 2025<\/a><a href=\"https:\/\/www.gennetines.org\/wp-content\/uploads\/Compte-rendu-Assemblees-Generales-Majorite-particuliere-decembre-2025.pdf\" target=\"_blank\" rel=\"noopener\"><br \/>\r\n<\/a><a href=\"https:\/\/www.gennetines.org\/wp-content\/uploads\/Compte-rendu-Conseil-Administration-janvier-2026.pdf\" target=\"_blank\" rel=\"noopener\">Compte-rendu Conseil d&#8217;Administration janvier 2026<\/a><\/p>\r\n<hr \/>\r\n<p><a href=\"https:\/\/www.gennetines.org\/wp-content\/uploads\/Bulletin-de-liaison-decembre-2025.pdf\">Bulletin de liaison novembre 2024<\/a><br \/>\r\n<a href=\"https:\/\/www.gennetines.org\/wp-content\/uploads\/Compte-rendu-Assemblee-Generale-decembre-2024.pdf\" target=\"_blank\" rel=\"noopener\">Compte-rendu Assembl\u00e9e G\u00e9n\u00e9rale d\u00e9cembre 2024<\/a><\/p>\r\n<hr \/>\r\n<p><a href=\"https:\/\/www.gennetines.org\/wp-content\/uploads\/Bulletin-de-liaison-novembre-2023.pdf\" target=\"_blank\" rel=\"noopener noreferrer\">Bulletin de liaison novembre 2023<\/a><br \/>\r\n<a href=\"https:\/\/www.gennetines.org\/wp-content\/uploads\/Compte-rendu-Asemblee-Generale-decembre-2023.pdf\" target=\"_blank\" rel=\"noopener\">Compte-rendu Assembl\u00e9e G\u00e9n\u00e9rale d\u00e9cembre 2023<\/a><\/p>\r\n<hr \/>\r\n<p><a href=\"https:\/\/www.gennetines.org\/wp-content\/uploads\/Bulletin-de-liaison-decembre-2022.pdf\" target=\"_blank\" rel=\"noopener noreferrer\">Bulletin de liaison d\u00e9cembre 2022<\/a><br \/>\r\n<a href=\"https:\/\/www.gennetines.org\/wp-content\/uploads\/Compte-rendu-Assemblee-Generale-decembre-2022.pdf\" target=\"_blank\" rel=\"noopener\">Compte-rendu Assembl\u00e9e G\u00e9n\u00e9rale d\u00e9cembre 2022<\/a><\/p>\r\n<hr \/>\r\n<p><a href=\"https:\/\/www.gennetines.org\/wp-content\/uploads\/Bulletin-de-liaison-decembre-2021.pdf\" target=\"_blank\" rel=\"noopener noreferrer\">Bulletin de liaison d\u00e9cembre 2021<\/a><br \/>\r\n<a href=\"https:\/\/www.gennetines.org\/wp-content\/uploads\/Compte-rendu-Assemblee-Generale-decembre-2021.pdf\" target=\"_blank\" rel=\"noopener noreferrer\">Compte-rendu Assembl\u00e9e G\u00e9n\u00e9rale d\u00e9cembre 2021<\/a><\/p>\r\n<hr \/>\r\n<p><a href=\"https:\/\/www.gennetines.org\/wp-content\/uploads\/Bulletin-de-liaison-decembre-2020.pdf\" target=\"_blank\" rel=\"noopener noreferrer\">Bulletin de liaison d\u00e9cembre 2020<\/a><br \/>\r\n<a href=\"https:\/\/www.gennetines.org\/wp-content\/uploads\/Compte-rendu-Assemblee-Generale-decembre-2020.pdf\" target=\"_blank\" rel=\"noopener noreferrer\">Compte-rendu Assembl\u00e9e G\u00e9n\u00e9rale d\u00e9cembre 2020<\/a><\/p>\r\n<hr \/>\r\n<p><a href=\"https:\/\/www.gennetines.org\/wp-content\/uploads\/Bulletin-de-liaison-decembre-2019.pdf\" target=\"_blank\" rel=\"noopener noreferrer\">Bulletin de liaison d\u00e9cembre 2019<\/a><br \/>\r\n<a href=\"https:\/\/www.gennetines.org\/wp-content\/uploads\/Compte-rendu-Assemblee-Generale-decembre-2019.pdf\" target=\"_blank\" rel=\"noopener noreferrer\">Compte-rendu Assembl\u00e9e G\u00e9n\u00e9rale d\u00e9cembre 2019<\/a><\/p>\r\n<hr \/>\r\n<p><a href=\"https:\/\/www.gennetines.org\/wp-content\/uploads\/Bulletin-de-liaison-decembre-2018.pdf\" target=\"_blank\" rel=\"noopener noreferrer\">Bulletin de liaison d\u00e9cembre 2018<\/a><br \/>\r\n<a href=\"https:\/\/www.gennetines.org\/wp-content\/uploads\/Compte-rendu-Assemblee-Generale-decembre-2018.pdf\" target=\"_blank\" rel=\"noopener noreferrer\">Compte-rendu Assembl\u00e9e G\u00e9n\u00e9rale d\u00e9cembre 2018<\/a><\/p>\r\n<hr \/>\r\n<p><a href=\"https:\/\/www.gennetines.org\/wp-content\/uploads\/Bulletin-de-liaison-decembre-2017.pdf\" target=\"_blank\" rel=\"noopener noreferrer\">Bulletin de liaison d\u00e9cembre 2017<\/a><br \/>\r\n<a href=\"https:\/\/www.gennetines.org\/wp-content\/uploads\/Compte-rendu-Assemblee-Generale-decembre-2017.pdf\" target=\"_blank\" rel=\"noopener noreferrer\">Compte-rendu Assembl\u00e9e G\u00e9n\u00e9rale d\u00e9cembre 2017<\/a><\/p>\r\n<hr \/>\r\n<p><a href=\"https:\/\/www.gennetines.org\/wp-content\/uploads\/Bulletin-de-liaison-decembre-2016.pdf\" target=\"_blank\" rel=\"noopener noreferrer\">Bulletin de liaison d\u00e9cembre 2016<\/a><br \/>\r\n<a href=\"https:\/\/www.gennetines.org\/wp-content\/uploads\/Compte-rendu-Assemblee-Generale-decembre-2016.pdf\" target=\"_blank\" rel=\"noopener noreferrer\">Compte-rendu Assembl\u00e9e G\u00e9n\u00e9rale d\u00e9cembre 2016<\/a><\/p>\r\n<hr \/>\r\n<p><a href=\"https:\/\/www.gennetines.org\/wp-content\/uploads\/2015\/12\/Bulletin-de-liaison-decembre-2015.pdf\">Bulletin de liaison d\u00e9cembre 2015<\/a><br \/>\r\n<a href=\"https:\/\/www.gennetines.org\/wp-content\/uploads\/Compte-rendu-Assemblee-Generale-decembre-2015.pdf\">Compte-rendu Assembl\u00e9e G\u00e9n\u00e9rale d\u00e9cembre 2015<\/a><\/p>\r\n<hr \/>\r\n<p><a href=\"https:\/\/www.gennetines.org\/wp-content\/uploads\/2015\/11\/bulletin_liaison_2014-12.pdf\">Bulletin de liaison d\u00e9cembre 2014<\/a><br \/>\r\n<a href=\"https:\/\/www.gennetines.org\/wp-content\/uploads\/2015\/11\/compte-rendu_assemblee-generale_2014-12.pdf\">Compte-rendu Assembl\u00e9e G\u00e9n\u00e9rale d\u00e9cembre 2014<\/a><\/p>\r\n<hr \/>\r\n<p><a href=\"https:\/\/www.gennetines.org\/wp-content\/uploads\/2015\/11\/bulletin_liaison_2013-12.pdf\">Bulletin de liaison d\u00e9cembre 2013<\/a><br \/>\r\n<a href=\"https:\/\/www.gennetines.org\/wp-content\/uploads\/2015\/11\/compte-rendu_assemblee-generale_2013-12.pdf\">Compte-rendu Assembl\u00e9e G\u00e9n\u00e9rale d\u00e9cembre 2013<\/a><\/p>\r\n<hr \/>\r\n<p><a href=\"https:\/\/www.gennetines.org\/wp-content\/uploads\/2015\/11\/bulletin_liaison_2012-12.pdf\">Bulletin de liaison d\u00e9cembre 2012<\/a><br \/>\r\n<a href=\"https:\/\/www.gennetines.org\/wp-content\/uploads\/2015\/11\/compte-rendu_assemblee-generale_2012-12.pdf\">Compte-rendu Assembl\u00e9e G\u00e9n\u00e9rale d\u00e9cembre 2012<\/a><\/p>\r\n<hr \/>\r\n<p><a href=\"https:\/\/www.gennetines.org\/wp-content\/uploads\/2015\/11\/bulletin_liaison_2011-12.pdf\">Bulletin liaison d\u00e9cembre 2011<\/a><br \/>\r\n<a href=\"https:\/\/www.gennetines.org\/wp-content\/uploads\/2015\/11\/compte-rendu_assemblee-generale_2011-12.pdf\">Compte-rendu Assembl\u00e9e G\u00e9n\u00e9rale d\u00e9cembre 2011<\/a><\/p>\r\n<p>[\/vc_column_text][\/vc_tta_section][\/vc_tta_accordion][\/vc_column][\/vc_row]<\/p><\/div>","protected":false},"excerpt":{"rendered":"[vc_row][vc_column][vc_tta_accordion active_section=&#8221;1&#8243; collapsible_all=&#8221;true&#8221;][vc_tta_section title=&#8221;Pr\u00e9sentation&#8221; tab_id=&#8221;1706606677666-a395541a-f95e&#8221;][vc_column_text] Founded on 6 December 1989, the Association Europ\u00e9enne des Amoureux de Danses Traditionnelles has over 5,000 members from many parts of Europe and beyond. Organisers, entertainers, musicians and dancers&#46;&#46;&#46;","protected":false},"author":4,"featured_media":0,"parent":880,"menu_order":0,"comment_status":"closed","ping_status":"open","template":"","meta":{"footnotes":""},"class_list":["post-1219","page","type-page","status-publish","hentry"],"_links":{"self":[{"href":"https:\/\/www.gennetines.org\/en\/wp-json\/wp\/v2\/pages\/1219","targetHints":{"allow":["GET"]}}],"collection":[{"href":"https:\/\/www.gennetines.org\/en\/wp-json\/wp\/v2\/pages"}],"about":[{"href":"https:\/\/www.gennetines.org\/en\/wp-json\/wp\/v2\/types\/page"}],"author":[{"embeddable":true,"href":"https:\/\/www.gennetines.org\/en\/wp-json\/wp\/v2\/users\/4"}],"replies":[{"embeddable":true,"href":"https:\/\/www.gennetines.org\/en\/wp-json\/wp\/v2\/comments?post=1219"}],"version-history":[{"count":41,"href":"https:\/\/www.gennetines.org\/en\/wp-json\/wp\/v2\/pages\/1219\/revisions"}],"predecessor-version":[{"id":8079,"href":"https:\/\/www.gennetines.org\/en\/wp-json\/wp\/v2\/pages\/1219\/revisions\/8079"}],"up":[{"embeddable":true,"href":"https:\/\/www.gennetines.org\/en\/wp-json\/wp\/v2\/pages\/880"}],"wp:attachment":[{"href":"https:\/\/www.gennetines.org\/en\/wp-json\/wp\/v2\/media?parent=1219"}],"curies":[{"name":"wp","href":"https:\/\/api.w.org\/{rel}","templated":true}]}}